{"id":859,"date":"2022-04-26T00:33:14","date_gmt":"2022-04-25T22:33:14","guid":{"rendered":"https:\/\/ultraviolett-server.de\/357-zschocke\/?page_id=859"},"modified":"2022-04-26T00:37:56","modified_gmt":"2022-04-25T22:37:56","slug":"skulpturen","status":"publish","type":"page","link":"https:\/\/ultraviolett-server.de\/357-zschocke\/skulpturen\/","title":{"rendered":"Skulpturen"},"content":{"rendered":"\n<div class=\"wp-block-stackable-columns alignfull stk-block-columns stk-block stk-dc595a3 stk-block-background\" data-block-id=\"dc595a3\"><style>.stk-dc595a3{background-color:var(u002du002dpaletteColor5,#EEEEEE) !important}.stk-dc595a3:before{background-color:var(u002du002dpaletteColor5,#EEEEEE) !important}.stk-dc595a3{padding-top:150px !important;padding-bottom:80px !important}@media screen and (max-width:999px){.stk-dc595a3{padding-top:80px !important;padding-bottom:80px !important}}<\/style><div class=\"stk-row stk-inner-blocks stk-block-content stk-content-align stk-dc595a3-column\">\n<div class=\"wp-block-stackable-column stk-block-column stk-column stk-block stk-29e92bc\" data-block-id=\"29e92bc\"><style>.stk-29e92bc-container{margin-top:0px !important;margin-right:0px !important;margin-bottom:0px !important;margin-left:0px !important}<\/style><div class=\"stk-column-wrapper stk-block-column__content stk-container stk-29e92bc-container stk--no-background stk--no-padding\"><div class=\"stk-block-content stk-inner-blocks\">\n<div class=\"wp-block-stackable-heading stk-block-heading stk-block stk-2d08bbf\" id=\"skulpturen\" data-block-id=\"2d08bbf\"><style>.stk-2d08bbf{margin-bottom:30px !important}.stk-2d08bbf .stk-block-heading__text{font-size:80px !important;margin:0 !important}@media screen and (max-width:999px){.stk-2d08bbf .stk-block-heading__text{font-size:45px !important}}@media screen and (max-width:689px){.stk-2d08bbf .stk-block-heading__text{font-size:35px !important}}<\/style><h2 class=\"stk-block-heading__text has-text-align-center\">Skulpturen<\/h2><\/div>\n<\/div><\/div><\/div>\n<\/div><\/div>\n\n\n\n<div class=\"wp-block-stackable-spacer stk-block-spacer stk--no-padding stk-block stk-938bbb3\" data-block-id=\"938bbb3\"><style>.stk-938bbb3{height:150px !important}@media screen and (max-width:999px){.stk-938bbb3{height:80px !important}}<\/style><\/div>\n\n\n\n<div class=\"wp-block-stackable-columns stk-block-columns stk-block stk-a25dc6b stk-block-background\" data-block-id=\"a25dc6b\"><style>.stk-a25dc6b{background-color:var(u002du002dpaletteColor6,#f9fafb) !important}.stk-a25dc6b:before{background-color:var(u002du002dpaletteColor6,#f9fafb) !important}.stk-a25dc6b{margin-top:-100px !important;margin-bottom:0px !important}.stk-a25dc6b-column{--stk-column-gap:100px !important;row-gap:50px !important}<\/style><div class=\"stk-row stk-inner-blocks stk-block-content stk-content-align stk-a25dc6b-column\">\n<div class=\"wp-block-stackable-column stk-block-column stk-column stk-block stk-637db20\" data-block-id=\"637db20\"><style>@media screen and (min-width:690px){.stk-637db20{flex:1 1 calc(53% - var(--stk-column-gap,0px) * 1 \/ 2 ) !important}}@media screen and (min-width:690px) and (max-width:999px){.stk-637db20{flex:0 1 calc(100% - var(--stk-column-gap,0px) * 0 \/ 1 ) !important}}.stk-637db20-container{margin-top:0px !important;margin-right:0px !important;margin-bottom:0px !important;margin-left:0px !important}<\/style><div class=\"stk-column-wrapper stk-block-column__content stk-container stk-637db20-container stk--no-background stk--no-padding\"><div class=\"stk-block-content stk-inner-blocks\">\n<div class=\"wp-block-stackable-image stk-block-image stk-block stk-f0f863f stk-entrance\" data-block-id=\"f0f863f\"><style>.stk-f0f863f{display:flex !important}.stk-f0f863f{align-items:flex-start !important}.stk-f0f863f{--entrance-transform:translateX(-100px) scale(1.1) !important;--entrance-delay:0.3s !important;--entrance-duration:2s !important}.stk-f0f863f .stk-img-wrapper img{object-position:54% 59% !important;object-fit:cover !important}@media screen and (max-width:999px){.stk-f0f863f .stk-img-wrapper img{object-position:52% 59% !important;object-fit:cover !important}}.stk-f0f863f .stk-img-wrapper img,.stk-f0f863f .stk-img-wrapper::after,.stk-f0f863f .stk-img-wrapper::before{mask-image:url('data:image\/svg+xml;base64,PHN2ZyB4bWxucz0iaHR0cDovL3d3dy53My5vcmcvMjAwMC9zdmciIHZpZXdCb3g9IjAgMCAyMDAgMjAwIj48cGF0aCBjbGFzcz0ic3F1YXJlX3N2Z19fc3QwIiBkPSJNMCAwaDIwMHYyMDBIMHoiPjwvcGF0aD48L3N2Zz4=') !important;-webkit-mask-image:url('data:image\/svg+xml;base64,PHN2ZyB4bWxucz0iaHR0cDovL3d3dy53My5vcmcvMjAwMC9zdmciIHZpZXdCb3g9IjAgMCAyMDAgMjAwIj48cGF0aCBjbGFzcz0ic3F1YXJlX3N2Z19fc3QwIiBkPSJNMCAwaDIwMHYyMDBIMHoiPjwvcGF0aD48L3N2Zz4=') !important}@media screen and (max-width:999px){.stk-f0f863f .stk-img-wrapper{height:600px !important}}@media screen and (max-width:689px){.stk-f0f863f .stk-img-wrapper{height:500px !important}}<\/style><figure class=\"stk-img-wrapper stk-img--shape stk-image--shape-stretch\"><img loading=\"lazy\" decoding=\"async\" class=\"stk-img wp-image-854\" src=\"http:\/\/ultraviolett-server.de\/357-zschocke\/wp-content\/uploads\/2022\/04\/Minofant_quad-scaled.jpg\" width=\"2560\" height=\"2560\" srcset=\"https:\/\/ultraviolett-server.de\/357-zschocke\/wp-content\/uploads\/2022\/04\/Minofant_quad-scaled.jpg 2560w, https:\/\/ultraviolett-server.de\/357-zschocke\/wp-content\/uploads\/2022\/04\/Minofant_quad-700x700.jpg 700w, https:\/\/ultraviolett-server.de\/357-zschocke\/wp-content\/uploads\/2022\/04\/Minofant_quad-2000x2000.jpg 2000w, https:\/\/ultraviolett-server.de\/357-zschocke\/wp-content\/uploads\/2022\/04\/Minofant_quad-150x150.jpg 150w, https:\/\/ultraviolett-server.de\/357-zschocke\/wp-content\/uploads\/2022\/04\/Minofant_quad-768x768.jpg 768w, https:\/\/ultraviolett-server.de\/357-zschocke\/wp-content\/uploads\/2022\/04\/Minofant_quad-1536x1536.jpg 1536w, https:\/\/ultraviolett-server.de\/357-zschocke\/wp-content\/uploads\/2022\/04\/Minofant_quad-2048x2048.jpg 2048w, https:\/\/ultraviolett-server.de\/357-zschocke\/wp-content\/uploads\/2022\/04\/Minofant_quad-600x600.jpg 600w, https:\/\/ultraviolett-server.de\/357-zschocke\/wp-content\/uploads\/2022\/04\/Minofant_quad-100x100.jpg 100w\" sizes=\"auto, (max-width: 2560px) 100vw, 2560px\" \/><\/figure><\/div>\n<\/div><\/div><\/div>\n\n\n\n<div class=\"wp-block-stackable-column stk-block-column stk-column stk-block stk-2039561 stk-entrance\" data-block-id=\"2039561\"><style>.stk-2039561{align-self:center !important}@media screen and (min-width:690px){.stk-2039561{flex:1 1 calc(47% - var(--stk-column-gap,0px) * 1 \/ 2 ) !important}}@media screen and (min-width:690px) and (max-width:999px){.stk-2039561{flex:0 1 calc(100% - var(--stk-column-gap,0px) * 0 \/ 1 ) !important}}.stk-2039561{--entrance-transform:translateX(50px) !important;--entrance-delay:0.3s !important;--entrance-duration:2s !important}.stk-2039561-container{margin-top:0px !important;margin-right:0px !important;margin-bottom:0px !important;margin-left:0px !important}<\/style><div class=\"stk-column-wrapper stk-block-column__content stk-container stk-2039561-container stk--no-background stk--no-padding\"><div class=\"stk-block-content stk-inner-blocks\">\n<div class=\"wp-block-stackable-heading stk-block-heading stk-block stk-53fdb96\" id=\"readymades-skulpturen\" data-block-id=\"53fdb96\"><h2 class=\"stk-block-heading__text\">Readymades Skulpturen<\/h2><\/div>\n\n\n\n<p><strong>By Fire<br><\/strong>Blech Ofenschirm, Feuer<\/p>\n\n\n\n<p><strong>Messers Schneide<br><\/strong>Teile einer alten Brotschneidemaschiene, Wand<\/p>\n\n\n\n<p><strong>Minofant<\/strong><br>Brotschneidemaschienen, Schustern\u00e4hmaschiene<\/p>\n\n\n\n<p><strong>Seca no Sertao<br><\/strong>K\u00fcchenh\u00e4ngek\u00f6rbe, vertrocknete Orangen, Zitronen, Zwiebeln<\/p>\n\n\n\n<p><strong>W\u00e4chter<\/strong><br>Styroportorsi, Reithelm, Fechthelm, Metallsockel<\/p>\n\n\n\n<p><strong>Ohne Titel<br><\/strong>Fahrradr\u00e4der, Fahrradm\u00e4ntel, metallenen Readymades<\/p>\n\n\n\n<p><strong>Wurzelhar<\/strong><br>Thujawurzel<\/p>\n<\/div><\/div><\/div>\n<\/div><\/div>\n\n\n\n<div class=\"wp-block-stackable-spacer stk-block-spacer stk--no-padding stk-block stk-a15083e\" data-block-id=\"a15083e\"><style>.stk-a15083e{height:50px !important}@media screen and (max-width:999px){.stk-a15083e{height:80px !important}}<\/style><\/div>\n\n\n<figure id=\"happyfiles-gallery-u51rzl\" class=\"happyfiles-gallery lightbox\"><ul class=\"no-crop\" data-col=\"3\"><li class=\"item\" data-src=\"https:\/\/ultraviolett-server.de\/357-zschocke\/wp-content\/uploads\/2022\/04\/Skulptur-ohne-Titel-1125x2000.jpg\"><figure><a href=\"https:\/\/ultraviolett-server.de\/357-zschocke\/wp-content\/uploads\/2022\/04\/Skulptur-ohne-Titel-scaled.jpg\"><img loading=\"lazy\" decoding=\"async\" width=\"394\" height=\"700\" src=\"https:\/\/ultraviolett-server.de\/357-zschocke\/wp-content\/uploads\/2022\/04\/Skulptur-ohne-Titel-394x700.jpg\" class=\"attachment-medium size-medium\" alt=\"\" srcset=\"https:\/\/ultraviolett-server.de\/357-zschocke\/wp-content\/uploads\/2022\/04\/Skulptur-ohne-Titel-394x700.jpg 394w, https:\/\/ultraviolett-server.de\/357-zschocke\/wp-content\/uploads\/2022\/04\/Skulptur-ohne-Titel-1125x2000.jpg 1125w, https:\/\/ultraviolett-server.de\/357-zschocke\/wp-content\/uploads\/2022\/04\/Skulptur-ohne-Titel-768x1365.jpg 768w, https:\/\/ultraviolett-server.de\/357-zschocke\/wp-content\/uploads\/2022\/04\/Skulptur-ohne-Titel-864x1536.jpg 864w, https:\/\/ultraviolett-server.de\/357-zschocke\/wp-content\/uploads\/2022\/04\/Skulptur-ohne-Titel-1152x2048.jpg 1152w, https:\/\/ultraviolett-server.de\/357-zschocke\/wp-content\/uploads\/2022\/04\/Skulptur-ohne-Titel-600x1067.jpg 600w, https:\/\/ultraviolett-server.de\/357-zschocke\/wp-content\/uploads\/2022\/04\/Skulptur-ohne-Titel-scaled.jpg 1440w\" sizes=\"auto, (max-width: 394px) 100vw, 394px\" \/><\/a><\/figure><\/li><li class=\"item\" data-src=\"https:\/\/ultraviolett-server.de\/357-zschocke\/wp-content\/uploads\/2022\/04\/By-fire-IMG_4982-1500x2000.jpg\"><figure><a href=\"https:\/\/ultraviolett-server.de\/357-zschocke\/wp-content\/uploads\/2022\/04\/By-fire-IMG_4982-scaled.jpg\"><img loading=\"lazy\" decoding=\"async\" width=\"525\" height=\"700\" src=\"https:\/\/ultraviolett-server.de\/357-zschocke\/wp-content\/uploads\/2022\/04\/By-fire-IMG_4982-525x700.jpg\" class=\"attachment-medium size-medium\" alt=\"\" srcset=\"https:\/\/ultraviolett-server.de\/357-zschocke\/wp-content\/uploads\/2022\/04\/By-fire-IMG_4982-525x700.jpg 525w, https:\/\/ultraviolett-server.de\/357-zschocke\/wp-content\/uploads\/2022\/04\/By-fire-IMG_4982-1500x2000.jpg 1500w, https:\/\/ultraviolett-server.de\/357-zschocke\/wp-content\/uploads\/2022\/04\/By-fire-IMG_4982-768x1024.jpg 768w, https:\/\/ultraviolett-server.de\/357-zschocke\/wp-content\/uploads\/2022\/04\/By-fire-IMG_4982-1152x1536.jpg 1152w, https:\/\/ultraviolett-server.de\/357-zschocke\/wp-content\/uploads\/2022\/04\/By-fire-IMG_4982-1536x2048.jpg 1536w, https:\/\/ultraviolett-server.de\/357-zschocke\/wp-content\/uploads\/2022\/04\/By-fire-IMG_4982-300x400.jpg 300w, https:\/\/ultraviolett-server.de\/357-zschocke\/wp-content\/uploads\/2022\/04\/By-fire-IMG_4982-600x800.jpg 600w, https:\/\/ultraviolett-server.de\/357-zschocke\/wp-content\/uploads\/2022\/04\/By-fire-IMG_4982-scaled.jpg 1920w\" sizes=\"auto, (max-width: 525px) 100vw, 525px\" \/><\/a><\/figure><\/li><li class=\"item\" data-src=\"https:\/\/ultraviolett-server.de\/357-zschocke\/wp-content\/uploads\/2022\/04\/Waechter_IMG_4969-1500x2000.jpg\"><figure><a href=\"https:\/\/ultraviolett-server.de\/357-zschocke\/wp-content\/uploads\/2022\/04\/Waechter_IMG_4969-scaled.jpg\"><img loading=\"lazy\" decoding=\"async\" width=\"525\" height=\"700\" src=\"https:\/\/ultraviolett-server.de\/357-zschocke\/wp-content\/uploads\/2022\/04\/Waechter_IMG_4969-525x700.jpg\" class=\"attachment-medium size-medium\" alt=\"\" srcset=\"https:\/\/ultraviolett-server.de\/357-zschocke\/wp-content\/uploads\/2022\/04\/Waechter_IMG_4969-525x700.jpg 525w, https:\/\/ultraviolett-server.de\/357-zschocke\/wp-content\/uploads\/2022\/04\/Waechter_IMG_4969-1500x2000.jpg 1500w, https:\/\/ultraviolett-server.de\/357-zschocke\/wp-content\/uploads\/2022\/04\/Waechter_IMG_4969-768x1024.jpg 768w, https:\/\/ultraviolett-server.de\/357-zschocke\/wp-content\/uploads\/2022\/04\/Waechter_IMG_4969-1152x1536.jpg 1152w, https:\/\/ultraviolett-server.de\/357-zschocke\/wp-content\/uploads\/2022\/04\/Waechter_IMG_4969-1536x2048.jpg 1536w, https:\/\/ultraviolett-server.de\/357-zschocke\/wp-content\/uploads\/2022\/04\/Waechter_IMG_4969-300x400.jpg 300w, https:\/\/ultraviolett-server.de\/357-zschocke\/wp-content\/uploads\/2022\/04\/Waechter_IMG_4969-600x800.jpg 600w, https:\/\/ultraviolett-server.de\/357-zschocke\/wp-content\/uploads\/2022\/04\/Waechter_IMG_4969-scaled.jpg 1920w\" sizes=\"auto, (max-width: 525px) 100vw, 525px\" \/><\/a><\/figure><\/li><li class=\"item\" data-src=\"https:\/\/ultraviolett-server.de\/357-zschocke\/wp-content\/uploads\/2022\/04\/Minofant_quad-2000x2000.jpg\"><figure><a href=\"https:\/\/ultraviolett-server.de\/357-zschocke\/wp-content\/uploads\/2022\/04\/Minofant_quad-scaled.jpg\"><img loading=\"lazy\" decoding=\"async\" width=\"700\" height=\"700\" src=\"https:\/\/ultraviolett-server.de\/357-zschocke\/wp-content\/uploads\/2022\/04\/Minofant_quad-700x700.jpg\" class=\"attachment-medium size-medium\" alt=\"\" srcset=\"https:\/\/ultraviolett-server.de\/357-zschocke\/wp-content\/uploads\/2022\/04\/Minofant_quad-700x700.jpg 700w, https:\/\/ultraviolett-server.de\/357-zschocke\/wp-content\/uploads\/2022\/04\/Minofant_quad-2000x2000.jpg 2000w, https:\/\/ultraviolett-server.de\/357-zschocke\/wp-content\/uploads\/2022\/04\/Minofant_quad-150x150.jpg 150w, https:\/\/ultraviolett-server.de\/357-zschocke\/wp-content\/uploads\/2022\/04\/Minofant_quad-768x768.jpg 768w, https:\/\/ultraviolett-server.de\/357-zschocke\/wp-content\/uploads\/2022\/04\/Minofant_quad-1536x1536.jpg 1536w, https:\/\/ultraviolett-server.de\/357-zschocke\/wp-content\/uploads\/2022\/04\/Minofant_quad-2048x2048.jpg 2048w, https:\/\/ultraviolett-server.de\/357-zschocke\/wp-content\/uploads\/2022\/04\/Minofant_quad-600x600.jpg 600w, https:\/\/ultraviolett-server.de\/357-zschocke\/wp-content\/uploads\/2022\/04\/Minofant_quad-100x100.jpg 100w\" sizes=\"auto, (max-width: 700px) 100vw, 700px\" \/><\/a><\/figure><\/li><li class=\"item\" data-src=\"https:\/\/ultraviolett-server.de\/357-zschocke\/wp-content\/uploads\/2022\/04\/Minofant-2000x1626.jpg\"><figure><a href=\"https:\/\/ultraviolett-server.de\/357-zschocke\/wp-content\/uploads\/2022\/04\/Minofant-scaled.jpg\"><img loading=\"lazy\" decoding=\"async\" width=\"700\" height=\"569\" src=\"https:\/\/ultraviolett-server.de\/357-zschocke\/wp-content\/uploads\/2022\/04\/Minofant-700x569.jpg\" class=\"attachment-medium size-medium\" alt=\"\" srcset=\"https:\/\/ultraviolett-server.de\/357-zschocke\/wp-content\/uploads\/2022\/04\/Minofant-700x569.jpg 700w, https:\/\/ultraviolett-server.de\/357-zschocke\/wp-content\/uploads\/2022\/04\/Minofant-2000x1626.jpg 2000w, https:\/\/ultraviolett-server.de\/357-zschocke\/wp-content\/uploads\/2022\/04\/Minofant-768x624.jpg 768w, https:\/\/ultraviolett-server.de\/357-zschocke\/wp-content\/uploads\/2022\/04\/Minofant-1536x1249.jpg 1536w, https:\/\/ultraviolett-server.de\/357-zschocke\/wp-content\/uploads\/2022\/04\/Minofant-2048x1665.jpg 2048w, https:\/\/ultraviolett-server.de\/357-zschocke\/wp-content\/uploads\/2022\/04\/Minofant-600x488.jpg 600w\" sizes=\"auto, (max-width: 700px) 100vw, 700px\" \/><\/a><\/figure><\/li><li class=\"item\" data-src=\"https:\/\/ultraviolett-server.de\/357-zschocke\/wp-content\/uploads\/2022\/04\/DirkZ-Messers-Schneide_g-1125x2000.jpg\"><figure><a href=\"https:\/\/ultraviolett-server.de\/357-zschocke\/wp-content\/uploads\/2022\/04\/DirkZ-Messers-Schneide_g-scaled.jpg\"><img loading=\"lazy\" decoding=\"async\" width=\"394\" height=\"700\" src=\"https:\/\/ultraviolett-server.de\/357-zschocke\/wp-content\/uploads\/2022\/04\/DirkZ-Messers-Schneide_g-394x700.jpg\" class=\"attachment-medium size-medium\" alt=\"\" srcset=\"https:\/\/ultraviolett-server.de\/357-zschocke\/wp-content\/uploads\/2022\/04\/DirkZ-Messers-Schneide_g-394x700.jpg 394w, https:\/\/ultraviolett-server.de\/357-zschocke\/wp-content\/uploads\/2022\/04\/DirkZ-Messers-Schneide_g-1125x2000.jpg 1125w, https:\/\/ultraviolett-server.de\/357-zschocke\/wp-content\/uploads\/2022\/04\/DirkZ-Messers-Schneide_g-768x1365.jpg 768w, https:\/\/ultraviolett-server.de\/357-zschocke\/wp-content\/uploads\/2022\/04\/DirkZ-Messers-Schneide_g-864x1536.jpg 864w, https:\/\/ultraviolett-server.de\/357-zschocke\/wp-content\/uploads\/2022\/04\/DirkZ-Messers-Schneide_g-1152x2048.jpg 1152w, https:\/\/ultraviolett-server.de\/357-zschocke\/wp-content\/uploads\/2022\/04\/DirkZ-Messers-Schneide_g-600x1067.jpg 600w, https:\/\/ultraviolett-server.de\/357-zschocke\/wp-content\/uploads\/2022\/04\/DirkZ-Messers-Schneide_g-scaled.jpg 1440w\" sizes=\"auto, (max-width: 394px) 100vw, 394px\" \/><\/a><\/figure><\/li><li class=\"item\" data-src=\"https:\/\/ultraviolett-server.de\/357-zschocke\/wp-content\/uploads\/2022\/04\/Wurzelhaar-DSC_5262-1125x2000.jpg\"><figure><a href=\"https:\/\/ultraviolett-server.de\/357-zschocke\/wp-content\/uploads\/2022\/04\/Wurzelhaar-DSC_5262-scaled.jpg\"><img loading=\"lazy\" decoding=\"async\" width=\"394\" height=\"700\" src=\"https:\/\/ultraviolett-server.de\/357-zschocke\/wp-content\/uploads\/2022\/04\/Wurzelhaar-DSC_5262-394x700.jpg\" class=\"attachment-medium size-medium\" alt=\"\" srcset=\"https:\/\/ultraviolett-server.de\/357-zschocke\/wp-content\/uploads\/2022\/04\/Wurzelhaar-DSC_5262-394x700.jpg 394w, https:\/\/ultraviolett-server.de\/357-zschocke\/wp-content\/uploads\/2022\/04\/Wurzelhaar-DSC_5262-1125x2000.jpg 1125w, https:\/\/ultraviolett-server.de\/357-zschocke\/wp-content\/uploads\/2022\/04\/Wurzelhaar-DSC_5262-768x1365.jpg 768w, https:\/\/ultraviolett-server.de\/357-zschocke\/wp-content\/uploads\/2022\/04\/Wurzelhaar-DSC_5262-864x1536.jpg 864w, https:\/\/ultraviolett-server.de\/357-zschocke\/wp-content\/uploads\/2022\/04\/Wurzelhaar-DSC_5262-1152x2048.jpg 1152w, https:\/\/ultraviolett-server.de\/357-zschocke\/wp-content\/uploads\/2022\/04\/Wurzelhaar-DSC_5262-600x1067.jpg 600w, https:\/\/ultraviolett-server.de\/357-zschocke\/wp-content\/uploads\/2022\/04\/Wurzelhaar-DSC_5262-scaled.jpg 1440w\" sizes=\"auto, (max-width: 394px) 100vw, 394px\" \/><\/a><\/figure><\/li><\/ul><\/figure>\n\n\n<div class=\"wp-block-stackable-spacer stk-block-spacer stk--no-padding stk-block stk-5fd6ea2\" data-block-id=\"5fd6ea2\"><style>.stk-5fd6ea2{height:120px !important}@media screen and (max-width:999px){.stk-5fd6ea2{height:80px !important}}<\/style><\/div>\n","protected":false},"excerpt":{"rendered":"<p>Skulpturen Readymades Skulpturen By FireBlech Ofenschirm, Feuer Messers SchneideTeile einer alten Brotschneidemaschiene, Wand MinofantBrotschneidemaschienen, Schustern\u00e4hmaschiene Seca no SertaoK\u00fcchenh\u00e4ngek\u00f6rbe, vertrocknete Orangen, Zitronen, Zwiebeln W\u00e4chterStyroportorsi, Reithelm, Fechthelm, Metallsockel Ohne TitelFahrradr\u00e4der, Fahrradm\u00e4ntel, metallenen Readymades WurzelharThujawurzel<\/p>\n","protected":false},"author":1,"featured_media":0,"parent":0,"menu_order":0,"comment_status":"closed","ping_status":"closed","template":"","meta":{"footnotes":""},"hf_cat_page":[29],"class_list":["post-859","page","type-page","status-publish","hentry"],"blocksy_meta":{"styles_descriptor":{"styles":{"desktop":"","tablet":"","mobile":""},"google_fonts":[],"version":5},"page_title_panel":"","has_hero_section":"disabled","4a6c26e3489cfc452f0c7089ef3cf078":"","hero_section":"type-1","hero_elements":[{"id":"custom_title","enabled":true,"heading_tag":"h1","title":"Home"},{"id":"custom_description","enabled":true,"description_visibility":{"desktop":true,"tablet":true,"mobile":false}},{"id":"custom_meta","enabled":false,"meta_elements":[{"id":"author","enabled":true,"label":"By","has_author_avatar":"yes","avatar_size":25},{"id":"post_date","enabled":true,"label":"On","date_format_source":"default","date_format":"M j, Y"},{"id":"updated_date","enabled":false,"label":"On","date_format_source":"default","date_format":"M j, Y"},{"id":"categories","enabled":false,"label":"In","style":"simple"},{"id":"comments","enabled":true}],"page_meta_elements":{"joined":true,"articles_count":true,"comments":true}},{"id":"breadcrumbs","enabled":false}],"fe562f922a7890432068950dda17c488":"","hero_alignment1":"CT_CSS_SKIP_RULE","hero_margin":40,"hero_alignment2":"center","hero_vertical_alignment":"center","21ff91474bdbf7e3262b971e98d91af2":"","hero_structure":"narrow","efbca305c45ecabd3d17e2c3bd7c910d":"","page_title_bg_type":"featured_image","custom_hero_background":{"attachment_id":null},"page_title_image_size":"full","parallax":{"desktop":false,"tablet":false,"mobile":false},"5ba28e80c5f05ca70537edad0eefaf73":"","hero_height":"250px","pageTitleFont":{"family":"Default","variation":"Default","size":"30px","line-height":"CT_CSS_SKIP_RULE","letter-spacing":"CT_CSS_SKIP_RULE","text-transform":"CT_CSS_SKIP_RULE","text-decoration":"CT_CSS_SKIP_RULE"},"pageTitleFontColor":{"default":{"color":"CT_CSS_SKIP_RULEDEFAULT"}},"pageMetaFont":{"family":"Default","variation":"n6","size":"12px","line-height":"1.3","letter-spacing":"CT_CSS_SKIP_RULE","text-transform":"uppercase","text-decoration":"CT_CSS_SKIP_RULE"},"pageMetaFontColor":{"default":{"color":"CT_CSS_SKIP_RULEDEFAULT"},"hover":{"color":"CT_CSS_SKIP_RULEDEFAULT"}},"page_meta_button_type_font_colors":{"default":{"color":"CT_CSS_SKIP_RULEDEFAULT"},"hover":{"color":"CT_CSS_SKIP_RULEDEFAULT"}},"page_meta_button_type_background_colors":{"default":{"color":"CT_CSS_SKIP_RULEDEFAULT"},"hover":{"color":"CT_CSS_SKIP_RULEDEFAULT"}},"pageExcerptFont":{"family":"Default","variation":"Default","size":"CT_CSS_SKIP_RULE","line-height":"CT_CSS_SKIP_RULE","letter-spacing":"CT_CSS_SKIP_RULE","text-transform":"CT_CSS_SKIP_RULE","text-decoration":"CT_CSS_SKIP_RULE"},"pageExcerptColor":{"default":{"color":"CT_CSS_SKIP_RULEDEFAULT"}},"breadcrumbsFont":{"family":"Default","variation":"Default","size":"CT_CSS_SKIP_RULE","line-height":"CT_CSS_SKIP_RULE","letter-spacing":"CT_CSS_SKIP_RULE","text-transform":"CT_CSS_SKIP_RULE","text-decoration":"CT_CSS_SKIP_RULE"},"breadcrumbsFontColor":{"default":{"color":"CT_CSS_SKIP_RULEDEFAULT"},"initial":{"color":"CT_CSS_SKIP_RULEDEFAULT"},"hover":{"color":"CT_CSS_SKIP_RULEDEFAULT"}},"pageTitleOverlay":{"background_type":"color","background_pattern":"type-1","background_image":{"attachment_id":null,"x":0,"y":0},"gradient":"linear-gradient(135deg,rgba(6,147,227,1) 0%,rgb(155,81,224) 100%)","background_repeat":"repeat","background_size":"auto","background_attachment":"scroll","patternColor":{"default":{"color":"#e5e7ea"}},"overlayColor":{"default":{"color":"CT_CSS_SKIP_RULE"}},"backgroundColor":{"default":{"color":"CT_CSS_SKIP_RULE"}}},"pageTitleBackground":{"background_type":"color","background_pattern":"type-1","background_image":{"attachment_id":null,"x":0,"y":0},"gradient":"linear-gradient(135deg,rgba(6,147,227,1) 0%,rgb(155,81,224) 100%)","background_repeat":"repeat","background_size":"auto","background_attachment":"scroll","patternColor":{"default":{"color":"#e5e7ea"}},"overlayColor":{"default":{"color":"CT_CSS_SKIP_RULE"}},"backgroundColor":{"default":{"color":"var(--paletteColor6)"}}},"pageTitlePadding":{"top":"50px","bottom":"50px","left":"auto","right":"auto","linked":true},"a271f1d3e5a6bce1f48f7d72e3fe62cd":"","page_structure_type":"default","ac8f391930b733f81c8c2034fe54f4c4":"","content_style_source":"inherit","content_style":"wide","vertical_spacing_source":"custom","content_area_spacing":"none","background":{"background_type":"color","background_pattern":"type-1","background_image":{"attachment_id":null,"x":0,"y":0},"gradient":"linear-gradient(135deg,rgba(6,147,227,1) 0%,rgb(155,81,224) 100%)","background_repeat":"repeat","background_size":"auto","background_attachment":"scroll","patternColor":{"default":{"color":"#e5e7ea"}},"overlayColor":{"default":{"color":"CT_CSS_SKIP_RULE"}},"backgroundColor":{"default":{"color":"CT_CSS_SKIP_RULE"}}},"content_background":{"background_type":"color","background_pattern":"type-1","background_image":{"attachment_id":null,"x":0,"y":0},"gradient":"linear-gradient(135deg,rgba(6,147,227,1) 0%,rgb(155,81,224) 100%)","background_repeat":"repeat","background_size":"auto","background_attachment":"scroll","patternColor":{"default":{"color":"#e5e7ea"}},"overlayColor":{"default":{"color":"CT_CSS_SKIP_RULE"}},"backgroundColor":{"default":{"color":"var(--paletteColor8)"}}},"content_boxed_shadow":{"inherit":false,"blur":18,"spread":-6,"v_offset":12,"h_offset":0,"inset":false,"enable":true,"color":{"color":"rgba(34, 56, 101, 0.04)"}},"boxed_content_spacing":{"desktop":{"top":"40px","bottom":"40px","left":"40px","right":"40px","linked":true},"tablet":{"top":"35px","bottom":"35px","left":"35px","right":"35px","linked":true},"mobile":{"top":"20px","bottom":"20px","left":"20px","right":"20px","linked":true}},"content_boxed_radius":{"top":"3px","bottom":"3px","left":"3px","right":"3px","linked":true},"a38c1b35b8d2e65b9d89492d033c438a":"","disable_featured_image":"no","disable_share_box":"no","disable_header":"no","disable_footer":"no"},"_links":{"self":[{"href":"https:\/\/ultraviolett-server.de\/357-zschocke\/wp-json\/wp\/v2\/pages\/859","targetHints":{"allow":["GET"]}}],"collection":[{"href":"https:\/\/ultraviolett-server.de\/357-zschocke\/wp-json\/wp\/v2\/pages"}],"about":[{"href":"https:\/\/ultraviolett-server.de\/357-zschocke\/wp-json\/wp\/v2\/types\/page"}],"author":[{"embeddable":true,"href":"https:\/\/ultraviolett-server.de\/357-zschocke\/wp-json\/wp\/v2\/users\/1"}],"replies":[{"embeddable":true,"href":"https:\/\/ultraviolett-server.de\/357-zschocke\/wp-json\/wp\/v2\/comments?post=859"}],"version-history":[{"count":4,"href":"https:\/\/ultraviolett-server.de\/357-zschocke\/wp-json\/wp\/v2\/pages\/859\/revisions"}],"predecessor-version":[{"id":863,"href":"https:\/\/ultraviolett-server.de\/357-zschocke\/wp-json\/wp\/v2\/pages\/859\/revisions\/863"}],"wp:attachment":[{"href":"https:\/\/ultraviolett-server.de\/357-zschocke\/wp-json\/wp\/v2\/media?parent=859"}],"wp:term":[{"taxonomy":"hf_cat_page","embeddable":true,"href":"https:\/\/ultraviolett-server.de\/357-zschocke\/wp-json\/wp\/v2\/hf_cat_page?post=859"}],"curies":[{"name":"wp","href":"https:\/\/api.w.org\/{rel}","templated":true}]}}