{"id":889,"date":"2022-04-26T00:51:55","date_gmt":"2022-04-25T22:51:55","guid":{"rendered":"https:\/\/ultraviolett-server.de\/357-zschocke\/?page_id=889"},"modified":"2022-04-26T01:07:10","modified_gmt":"2022-04-25T23:07:10","slug":"ueber-mich","status":"publish","type":"page","link":"https:\/\/ultraviolett-server.de\/357-zschocke\/ueber-mich\/","title":{"rendered":"\u00dcber mich"},"content":{"rendered":"\n<div class=\"wp-block-stackable-columns alignfull stk-block-columns stk-block stk-dc595a3 stk-block-background\" data-block-id=\"dc595a3\"><style>.stk-dc595a3{background-color:var(u002du002dpaletteColor5,#EEEEEE) !important}.stk-dc595a3:before{background-color:var(u002du002dpaletteColor5,#EEEEEE) !important}.stk-dc595a3{padding-top:150px !important;padding-bottom:80px !important}@media screen and (max-width:999px){.stk-dc595a3{padding-top:80px !important;padding-bottom:80px !important}}<\/style><div class=\"stk-row stk-inner-blocks stk-block-content stk-content-align stk-dc595a3-column\">\n<div class=\"wp-block-stackable-column stk-block-column stk-column stk-block stk-29e92bc\" data-block-id=\"29e92bc\"><style>.stk-29e92bc-container{margin-top:0px !important;margin-right:0px !important;margin-bottom:0px !important;margin-left:0px !important}<\/style><div class=\"stk-column-wrapper stk-block-column__content stk-container stk-29e92bc-container stk--no-background stk--no-padding\"><div class=\"stk-block-content stk-inner-blocks\">\n<div class=\"wp-block-stackable-heading stk-block-heading stk-block stk-2d08bbf\" id=\"uber-mich\" data-block-id=\"2d08bbf\"><style>.stk-2d08bbf{margin-bottom:30px !important}.stk-2d08bbf .stk-block-heading__text{font-size:80px !important;margin:0 !important}@media screen and (max-width:999px){.stk-2d08bbf .stk-block-heading__text{font-size:45px !important}}@media screen and (max-width:689px){.stk-2d08bbf .stk-block-heading__text{font-size:35px !important}}<\/style><h2 class=\"stk-block-heading__text has-text-align-center\">\u00dcber mich<\/h2><\/div>\n<\/div><\/div><\/div>\n<\/div><\/div>\n\n\n\n<div class=\"wp-block-stackable-spacer stk-block-spacer stk--no-padding stk-block stk-a15083e\" data-block-id=\"a15083e\"><style>.stk-a15083e{height:50px !important}@media screen and (max-width:999px){.stk-a15083e{height:80px !important}}<\/style><\/div>\n\n\n\n<div class=\"wp-block-stackable-columns stk-block-columns stk-block stk-3bab25b\" data-block-id=\"3bab25b\"><div class=\"stk-row stk-inner-blocks stk-block-content stk-content-align stk-3bab25b-column\">\n<div class=\"wp-block-stackable-column stk-block-column stk-column stk-block stk-8f582fb\" data-block-id=\"8f582fb\"><style>@media screen and (min-width:690px){.stk-8f582fb{flex:1 1 33.3% !important}}<\/style><div class=\"stk-column-wrapper stk-block-column__content stk-container stk-8f582fb-container stk--no-background stk--no-padding\"><div class=\"stk-block-content stk-inner-blocks\">\n<div class=\"wp-block-stackable-image stk-block-image stk-block stk-8c1ef88\" data-block-id=\"8c1ef88\"><figure class=\"stk-img-wrapper stk-image--shape-stretch\"><img loading=\"lazy\" decoding=\"async\" class=\"stk-img wp-image-896\" src=\"http:\/\/ultraviolett-server.de\/357-zschocke\/wp-content\/uploads\/2022\/04\/Dirk-Zschocke-vor-Bild_13120.jpg\" width=\"960\" height=\"960\" srcset=\"https:\/\/ultraviolett-server.de\/357-zschocke\/wp-content\/uploads\/2022\/04\/Dirk-Zschocke-vor-Bild_13120.jpg 960w, https:\/\/ultraviolett-server.de\/357-zschocke\/wp-content\/uploads\/2022\/04\/Dirk-Zschocke-vor-Bild_13120-700x700.jpg 700w, https:\/\/ultraviolett-server.de\/357-zschocke\/wp-content\/uploads\/2022\/04\/Dirk-Zschocke-vor-Bild_13120-150x150.jpg 150w, https:\/\/ultraviolett-server.de\/357-zschocke\/wp-content\/uploads\/2022\/04\/Dirk-Zschocke-vor-Bild_13120-768x768.jpg 768w, https:\/\/ultraviolett-server.de\/357-zschocke\/wp-content\/uploads\/2022\/04\/Dirk-Zschocke-vor-Bild_13120-600x600.jpg 600w, https:\/\/ultraviolett-server.de\/357-zschocke\/wp-content\/uploads\/2022\/04\/Dirk-Zschocke-vor-Bild_13120-100x100.jpg 100w\" sizes=\"auto, (max-width: 960px) 100vw, 960px\" \/><\/figure><\/div>\n\n\n\n<div class=\"wp-block-stackable-heading stk-block-heading stk-block stk-16bc640\" id=\"strong-kontaktdaten-strong\" data-block-id=\"16bc640\"><h6 class=\"stk-block-heading__text\"><strong>Kontaktdaten<\/strong><\/h6><\/div>\n\n\n\n<p>Dirk Zschocke<br>L\u00f6berstra\u00dfe 1<br>35390 Gie\u00dfen<br>Tel.: 0641 &#8211; 491561<br>Mobil: 0171 &#8211; 1900864<br>E-mail: <a href=\"mailto:Dirk.Zschocke@gmx.de\">Dirk.Zschocke@gmx.de<\/a><\/p>\n<\/div><\/div><\/div>\n\n\n\n<div class=\"wp-block-stackable-column stk-block-column stk-column stk-block stk-7612a4b\" data-block-id=\"7612a4b\"><style>@media screen and (min-width:690px){.stk-7612a4b{flex:1 1 66.7% !important}}.stk-7612a4b .stk-block-column__content{padding-left:50px !important}<\/style><div class=\"stk-column-wrapper stk-block-column__content stk-container stk-7612a4b-container stk--no-background stk--no-padding\"><div class=\"stk-block-content stk-inner-blocks\">\n<div class=\"wp-block-stackable-heading stk-block-heading stk-block stk-13c0dd5\" id=\"strong-dirk-zschocke-geboren-21-7-1964-in-ann-arbor-usa-strong\" data-block-id=\"13c0dd5\"><h5 class=\"stk-block-heading__text\"><strong>Dirk Zschocke, geboren 21.7.1964 in Ann Arbor \/ USA<\/strong><\/h5><\/div>\n\n\n\n<p>K\u00fcnstlerische Bildung seit 1970 in den Wirkst\u00e4tten von Walter Graser, Ludwig Grub und Rudolf Scharpf. In Malerei, Keramik und Plastik habe ich so bereits fr\u00fch begonnen meinen Stil und prozessorientierte Arbeitsweise zu entwickeln.<\/p>\n\n\n\n<p>Studium u.a. in Kunst und Film an der J.L. Universit\u00e4t Gie\u00dfen, parallel weiterhin k\u00fcnstlerisch t\u00e4tig. Als Mitglied der Tanztheatercompagnie &#8222;Confu\u00df&#8220; intensive Besch\u00e4ftigung mit Tanz, Theater und Performance, Ausbildung in Streaming Theatre Theaterarbeit. Nach einem Schwerpunkt im Bereich Film, Animation und Video zwischen 1993 und 2007 liegt mein heutiger Schwerpunkt neben photographisch-dokumentarischen Arbeiten auf Kunst im \u00f6ffentlichen Raum, Installation und Land Art, in die stets weitere Kunstformen einflie\u00dfen. Seit 2021 erneut vermehrt Videoarbeiten.<\/p>\n\n\n\n<p>Ich bin mit meinen Arbeiten ein Wanderer an den Grenzen der Kunstformen, stets auf der Suche nach dem \u00fcberraschenden Blick und der, dem Ort und Moment innewohnenden, Magie. Diese herauszuarbeiten in einem wechselseitigen Proze\u00df der Inspiration und Kreation ist treibende Kraft meines Schaffens. Meine Arbeit ist ein steter Wandlungsproze\u00df von der ersten Anregung, die in Kommunikation mit dem Ort geschieht, bis zum Abschlu\u00df des Werks, der selbst wiederum eine Momentaufnahme ist und sich durch den Einflu\u00df des Ortes weiter ver\u00e4ndert und entwickelt.<\/p>\n\n\n\n<div class=\"wp-block-stackable-heading stk-block-heading stk-block stk-3616b13\" id=\"ausbildung\" data-block-id=\"3616b13\"><h6 class=\"stk-block-heading__text\">Ausbildung<\/h6><\/div>\n\n\n\n<p>1970 &#8211; 1986 Malerei, Keramik, Plastik, Druck bei Walter Graser, Ludwig Grub, Rulolf Scharpf<\/p>\n\n\n\n<p>1986 &#8211; 1995 Studium Biologie, Geographie, Kunst, Justus Liebig Universit\u00e4t, Gie\u00dfen<\/p>\n\n\n\n<p>1995 &#8211; 1997 Bundesakademie f\u00fcr kulturelle Bildung, Wolfenb\u00fcttel<\/p>\n\n\n\n<p>1996 &#8211; 1997 Kamera, Schnitt, Postproduktion, VFT, Wiesbaden<\/p>\n\n\n\n<p>1998 &#8211; 1999 Filmhaus Frankfurt<\/p>\n\n\n\n<p>1998 &#8211; 1999 Masterschool Dokumentarfilm, M\u00fcnster bei Horst Herz, Karl Wildenhahn, u.a.<\/p>\n\n\n\n<p>2006 &#8211; 2010 Streaming Theatre Theaterarbeit, Hamburg<\/p>\n\n\n\n<div class=\"wp-block-stackable-heading stk-block-heading stk-block stk-2fd1fd8\" id=\"tatigkeit\" data-block-id=\"2fd1fd8\"><h6 class=\"stk-block-heading__text\">T\u00e4tigkeit<\/h6><\/div>\n\n\n\n<p>1979 &#8211; 1984 Assistenz Kreativwerkstatt \u201eOffene Werkstatt\u201c Bad D\u00fcrkheim<\/p>\n\n\n\n<p>seit 1990 Freier K\u00fcnstler<\/p>\n\n\n\n<p>seit 1995 Installationen im \u00f6ffentlichen Raum<\/p>\n\n\n\n<p>seit 1996 Freier Filmemacher und Drehbuchautor (Film und CBT-Programme)<\/p>\n\n\n\n<p>seit 1997 Freier Cutter, Kameramann, Aufnahmeleiter, Bildmischer, u.a. SWR, RTL, ERF<\/p>\n\n\n\n<p>2000 Gr\u00fcndung Z!-Faktor Film, Gie\u00dfen<\/p>\n\n\n\n<p>2000 &#8211; 2004 Tanztheatercompagnie \u201eConfu\u00df\u201c<\/p>\n\n\n\n<p>2002 &#8211; 2004 Freier After Effects Animator<\/p>\n\n\n\n<div class=\"wp-block-stackable-heading stk-block-heading stk-block stk-354b16a\" id=\"strong-auswahl-ausstellungen-werke-strong-strong-bildende-kunst-strong\" data-block-id=\"354b16a\"><h6 class=\"stk-block-heading__text\"><strong>Auswahl Ausstellungen \/ Werke<\/strong> <strong>Bildende Kunst<\/strong><\/h6><\/div>\n\n\n\n<p>1990 1. Preis Logo-Wettbewerb KVHS Bad D\u00fcrkheim<\/p>\n\n\n\n<p>2007 \u201e\u00dcberflu\u00df\u201c Land Art, Symposium zu Flu\u00df mit Flair, Gie\u00dfen<\/p>\n\n\n\n<p>2007 \u201eHinWeise &gt; aufWas ?\u201c Street Art, Eigenart 07 Galaktika, Gie\u00dfen<\/p>\n\n\n\n<p>2007 \u201eERZ<em>ART 1<\/em>\u201c Land Art, M\u00fccke<\/p>\n\n\n\n<p>2008 Symposium \u201eLandschaftskunst Gie\u00dfener Nordstadt\u201c (Kurator und Aussteller)<\/p>\n\n\n\n<p>2008 \u201eDie Laube\u201c Insatallation im \u00f6fentlichen Raum, Eigenart 08, Gie\u00dfen<\/p>\n\n\n\n<p>2009 \u201eEfeu\u201c Land Art, Flu\u00df mit Flair, Gie\u00dfen<\/p>\n\n\n\n<p>2010 \u201eKellerRaumInstallation\u201c Rauminstallation, Galeria Autonomica, Wetzlar<\/p>\n\n\n\n<p>2010 \u201eWort-Web\u201c Land Art, Symposium Lyrikpark, Hildesheim<\/p>\n\n\n\n<p>2010 \u201eBASSart-Festival\u201c Street Art, Deutsches Museum, M\u00fcnchen<\/p>\n\n\n\n<p>2013 &#8211; 1016 N.O.F.T. 1-4, Produktionshaus Neun10R\u00e4ume, Gie\u00dfen<\/p>\n\n\n\n<p>2019 \u201eKellerr\u00e4ume &#8211; Kellertr\u00e4ume\u201c Rauminstallationen, Giennale 2, Gie\u00dfen<\/p>\n\n\n\n<p>2020 \u201eNeue Normalit\u00e4t 1\u201c Rauminstallation in historischem Schienenbus, bei \u201eThemenzug\u201c, Gie\u00dfen<\/p>\n\n\n\n<p>2022 \u201eNeue Normalit\u00e4t 2\u201c Rauminstallation in ehemaliger Losbude \/ Schaustellerwagen<\/p>\n\n\n\n<div class=\"wp-block-stackable-heading stk-block-heading stk-block stk-14bc4dc\" id=\"strong-tanztheatercompagnie-confuss-strong\" data-block-id=\"14bc4dc\"><h6 class=\"stk-block-heading__text\"><strong>Tanztheatercompagnie Confu\u00df<\/strong><\/h6><\/div>\n\n\n\n<p>2002 \u201eNa geht\u2019s gut &#8211; \u00dcber das endlich und niewieder des Alleinseins\u201c<\/p>\n\n\n\n<p>2004 \u201eZu Ehren von&#8230; ein Fest!\u201c<\/p>\n\n\n\n<div class=\"wp-block-stackable-heading stk-block-heading stk-block stk-60539e2\" id=\"strong-film-strong\" data-block-id=\"60539e2\"><h6 class=\"stk-block-heading__text\"><strong>Film<\/strong><\/h6><\/div>\n\n\n\n<p>1993 Kurzfilm \u201eDas Sofa\u201c nach Doris D\u00f6rrie<\/p>\n\n\n\n<p>1993 Dokumentarfilm \u201e144.000 Bilder f\u00fcr 8.- DM\u201c<\/p>\n\n\n\n<p>1996 \u201eFarbtherapie\u201c, bei VFT, Wiesbaden<\/p>\n\n\n\n<p>1996 \u201eWikinger &#8211; Genies aus der K\u00e4lte\u201c, Schnitt, ZDF\/Arte (Sphinx), bei VFT, Wiesbaden<\/p>\n\n\n\n<p>2000 Dokumentation \/ Public-Streaming \u201eZeitenwende\u201c 2000, Gie\u00dfen<\/p>\n\n\n\n<p>2000 \u201eGood by Uncle Sam\u201c, Schnitt, Ton, Spielfilm von Bubacar Bachilly Gie\u00dfen\/USA<\/p>\n\n\n\n<p>2000 &#8211; 2007 Tanz-\/Theaterdokumentationen und Vorschau-Internettrailer u.a. f\u00fcr<\/p>\n\n\n\n<p>&nbsp;&nbsp;&nbsp;&nbsp;&nbsp;&nbsp;&nbsp;&nbsp; Stadttheater Gie\u00dfen, Earthdance Corporation, United Dance Company, Paris<\/p>\n\n\n\n<p>2001 Musikvideo \u201eGreyghost\u201c<\/p>\n\n\n\n<p>2001 \/ 2002 \u201eWindstoss 2001\u201c zur Tournee von Fant\u00f4me Pieds Nus<\/p>\n\n\n\n<p>2002 1. Platz Gie\u00dfener Videofilmpreis \u201eWannabe\u201c, Schnitt<\/p>\n\n\n\n<p>2021 Gie\u00dfener Auftritte \u201e30 Seconds 02\u201c<\/p>\n\n\n\n<div class=\"wp-block-stackable-heading stk-block-heading stk-block stk-e2b4308\" id=\"strong-stipendien-strong\" data-block-id=\"e2b4308\"><h6 class=\"stk-block-heading__text\"><strong>Stipendien<\/strong><\/h6><\/div>\n\n\n\n<p>2020 Arbeitsstipendium \u201eHessen kulturell neu er\u00f6ffnen\u201d, Hessische Kulturstiftung<\/p>\n\n\n\n<p>2021 Arbeitsstipendium, Kulturamt Universit\u00e4tsstadt Gie\u00dfen<\/p>\n\n\n\n<p>2021 Br\u00fcckenstipendium Hessische Kulturstiftung<\/p>\n\n\n\n<div class=\"wp-block-stackable-heading stk-block-heading stk-block stk-a20fc6f\" id=\"strong-mitgliedschaften-strong\" data-block-id=\"a20fc6f\"><h6 class=\"stk-block-heading__text\"><strong>Mitgliedschaften<\/strong><\/h6><\/div>\n\n\n\n<p>1995 &#8211; 2003 Musik und Kunstverein (MUK) e.V., Gie\u00dfen<\/p>\n\n\n\n<p>1997 &#8211; 2001 Kulturinitiative (KiG) e.V., Gie\u00dfen<\/p>\n\n\n\n<p>1999 &#8211; 2014 Arbeitsgemeinschaft Dokumentarfilm (a.g.dok.)<\/p>\n\n\n\n<p>seit 1999 VG Wort<\/p>\n\n\n\n<p>seit 2010 ver.di &#8211; Kunst<\/p>\n\n\n\n<p>seit 2012 Neuer Kunstverein Gie\u00dfen (seit 2021 Vorsitzender)<\/p>\n\n\n\n<p>seit 2021 VG Bild Kunst<\/p>\n<\/div><\/div><\/div>\n<\/div><\/div>\n\n\n\n<p><\/p>\n","protected":false},"excerpt":{"rendered":"<p>\u00dcber mich Kontaktdaten Dirk ZschockeL\u00f6berstra\u00dfe 135390 Gie\u00dfenTel.: 0641 &#8211; 491561Mobil: 0171 &#8211; 1900864E-mail: Dirk.Zschocke@gmx.de Dirk Zschocke, geboren 21.7.1964 in Ann Arbor \/ USA K\u00fcnstlerische Bildung seit 1970 in den Wirkst\u00e4tten von Walter Graser, Ludwig Grub und Rudolf Scharpf. In Malerei, Keramik und Plastik habe ich so bereits fr\u00fch begonnen meinen Stil und prozessorientierte Arbeitsweise zu entwickeln. Studium u.a. in Kunst und Film an der J.L. Universit\u00e4t Gie\u00dfen, parallel weiterhin k\u00fcnstlerisch t\u00e4tig. Als Mitglied der Tanztheatercompagnie &#8222;Confu\u00df&#8220; intensive Besch\u00e4ftigung mit Tanz, Theater und Performance, Ausbildung in Streaming Theatre Theaterarbeit. Nach einem Schwerpunkt im Bereich Film, Animation und Video zwischen 1993 und\u2026<\/p>\n","protected":false},"author":1,"featured_media":0,"parent":0,"menu_order":0,"comment_status":"closed","ping_status":"closed","template":"","meta":{"footnotes":""},"hf_cat_page":[29],"class_list":["post-889","page","type-page","status-publish","hentry"],"blocksy_meta":{"styles_descriptor":{"styles":{"desktop":"","tablet":"","mobile":""},"google_fonts":[],"version":5},"page_title_panel":"","has_hero_section":"disabled","4a6c26e3489cfc452f0c7089ef3cf078":"","hero_section":"type-1","hero_elements":[{"id":"custom_title","enabled":true,"heading_tag":"h1","title":"Home"},{"id":"custom_description","enabled":true,"description_visibility":{"desktop":true,"tablet":true,"mobile":false}},{"id":"custom_meta","enabled":false,"meta_elements":[{"id":"author","enabled":true,"label":"By","has_author_avatar":"yes","avatar_size":25},{"id":"post_date","enabled":true,"label":"On","date_format_source":"default","date_format":"M j, Y"},{"id":"updated_date","enabled":false,"label":"On","date_format_source":"default","date_format":"M j, Y"},{"id":"categories","enabled":false,"label":"In","style":"simple"},{"id":"comments","enabled":true}],"page_meta_elements":{"joined":true,"articles_count":true,"comments":true}},{"id":"breadcrumbs","enabled":false}],"fe562f922a7890432068950dda17c488":"","hero_alignment1":"CT_CSS_SKIP_RULE","hero_margin":40,"hero_alignment2":"center","hero_vertical_alignment":"center","21ff91474bdbf7e3262b971e98d91af2":"","hero_structure":"narrow","efbca305c45ecabd3d17e2c3bd7c910d":"","page_title_bg_type":"featured_image","custom_hero_background":{"attachment_id":null},"page_title_image_size":"full","parallax":{"desktop":false,"tablet":false,"mobile":false},"5ba28e80c5f05ca70537edad0eefaf73":"","hero_height":"250px","pageTitleFont":{"family":"Default","variation":"Default","size":"30px","line-height":"CT_CSS_SKIP_RULE","letter-spacing":"CT_CSS_SKIP_RULE","text-transform":"CT_CSS_SKIP_RULE","text-decoration":"CT_CSS_SKIP_RULE"},"pageTitleFontColor":{"default":{"color":"CT_CSS_SKIP_RULEDEFAULT"}},"pageMetaFont":{"family":"Default","variation":"n6","size":"12px","line-height":"1.3","letter-spacing":"CT_CSS_SKIP_RULE","text-transform":"uppercase","text-decoration":"CT_CSS_SKIP_RULE"},"pageMetaFontColor":{"default":{"color":"CT_CSS_SKIP_RULEDEFAULT"},"hover":{"color":"CT_CSS_SKIP_RULEDEFAULT"}},"page_meta_button_type_font_colors":{"default":{"color":"CT_CSS_SKIP_RULEDEFAULT"},"hover":{"color":"CT_CSS_SKIP_RULEDEFAULT"}},"page_meta_button_type_background_colors":{"default":{"color":"CT_CSS_SKIP_RULEDEFAULT"},"hover":{"color":"CT_CSS_SKIP_RULEDEFAULT"}},"pageExcerptFont":{"family":"Default","variation":"Default","size":"CT_CSS_SKIP_RULE","line-height":"CT_CSS_SKIP_RULE","letter-spacing":"CT_CSS_SKIP_RULE","text-transform":"CT_CSS_SKIP_RULE","text-decoration":"CT_CSS_SKIP_RULE"},"pageExcerptColor":{"default":{"color":"CT_CSS_SKIP_RULEDEFAULT"}},"breadcrumbsFont":{"family":"Default","variation":"Default","size":"CT_CSS_SKIP_RULE","line-height":"CT_CSS_SKIP_RULE","letter-spacing":"CT_CSS_SKIP_RULE","text-transform":"CT_CSS_SKIP_RULE","text-decoration":"CT_CSS_SKIP_RULE"},"breadcrumbsFontColor":{"default":{"color":"CT_CSS_SKIP_RULEDEFAULT"},"initial":{"color":"CT_CSS_SKIP_RULEDEFAULT"},"hover":{"color":"CT_CSS_SKIP_RULEDEFAULT"}},"pageTitleOverlay":{"background_type":"color","background_pattern":"type-1","background_image":{"attachment_id":null,"x":0,"y":0},"gradient":"linear-gradient(135deg,rgba(6,147,227,1) 0%,rgb(155,81,224) 100%)","background_repeat":"repeat","background_size":"auto","background_attachment":"scroll","patternColor":{"default":{"color":"#e5e7ea"}},"overlayColor":{"default":{"color":"CT_CSS_SKIP_RULE"}},"backgroundColor":{"default":{"color":"CT_CSS_SKIP_RULE"}}},"pageTitleBackground":{"background_type":"color","background_pattern":"type-1","background_image":{"attachment_id":null,"x":0,"y":0},"gradient":"linear-gradient(135deg,rgba(6,147,227,1) 0%,rgb(155,81,224) 100%)","background_repeat":"repeat","background_size":"auto","background_attachment":"scroll","patternColor":{"default":{"color":"#e5e7ea"}},"overlayColor":{"default":{"color":"CT_CSS_SKIP_RULE"}},"backgroundColor":{"default":{"color":"var(--paletteColor6)"}}},"pageTitlePadding":{"top":"50px","bottom":"50px","left":"auto","right":"auto","linked":true},"a271f1d3e5a6bce1f48f7d72e3fe62cd":"","page_structure_type":"default","ac8f391930b733f81c8c2034fe54f4c4":"","content_style_source":"inherit","content_style":"wide","vertical_spacing_source":"custom","content_area_spacing":"none","background":{"background_type":"color","background_pattern":"type-1","background_image":{"attachment_id":null,"x":0,"y":0},"gradient":"linear-gradient(135deg,rgba(6,147,227,1) 0%,rgb(155,81,224) 100%)","background_repeat":"repeat","background_size":"auto","background_attachment":"scroll","patternColor":{"default":{"color":"#e5e7ea"}},"overlayColor":{"default":{"color":"CT_CSS_SKIP_RULE"}},"backgroundColor":{"default":{"color":"CT_CSS_SKIP_RULE"}}},"content_background":{"background_type":"color","background_pattern":"type-1","background_image":{"attachment_id":null,"x":0,"y":0},"gradient":"linear-gradient(135deg,rgba(6,147,227,1) 0%,rgb(155,81,224) 100%)","background_repeat":"repeat","background_size":"auto","background_attachment":"scroll","patternColor":{"default":{"color":"#e5e7ea"}},"overlayColor":{"default":{"color":"CT_CSS_SKIP_RULE"}},"backgroundColor":{"default":{"color":"var(--paletteColor8)"}}},"content_boxed_shadow":{"inherit":false,"blur":18,"spread":-6,"v_offset":12,"h_offset":0,"inset":false,"enable":true,"color":{"color":"rgba(34, 56, 101, 0.04)"}},"boxed_content_spacing":{"desktop":{"top":"40px","bottom":"40px","left":"40px","right":"40px","linked":true},"tablet":{"top":"35px","bottom":"35px","left":"35px","right":"35px","linked":true},"mobile":{"top":"20px","bottom":"20px","left":"20px","right":"20px","linked":true}},"content_boxed_radius":{"top":"3px","bottom":"3px","left":"3px","right":"3px","linked":true},"a38c1b35b8d2e65b9d89492d033c438a":"","disable_featured_image":"no","disable_share_box":"no","disable_header":"no","disable_footer":"no"},"_links":{"self":[{"href":"https:\/\/ultraviolett-server.de\/357-zschocke\/wp-json\/wp\/v2\/pages\/889","targetHints":{"allow":["GET"]}}],"collection":[{"href":"https:\/\/ultraviolett-server.de\/357-zschocke\/wp-json\/wp\/v2\/pages"}],"about":[{"href":"https:\/\/ultraviolett-server.de\/357-zschocke\/wp-json\/wp\/v2\/types\/page"}],"author":[{"embeddable":true,"href":"https:\/\/ultraviolett-server.de\/357-zschocke\/wp-json\/wp\/v2\/users\/1"}],"replies":[{"embeddable":true,"href":"https:\/\/ultraviolett-server.de\/357-zschocke\/wp-json\/wp\/v2\/comments?post=889"}],"version-history":[{"count":6,"href":"https:\/\/ultraviolett-server.de\/357-zschocke\/wp-json\/wp\/v2\/pages\/889\/revisions"}],"predecessor-version":[{"id":900,"href":"https:\/\/ultraviolett-server.de\/357-zschocke\/wp-json\/wp\/v2\/pages\/889\/revisions\/900"}],"wp:attachment":[{"href":"https:\/\/ultraviolett-server.de\/357-zschocke\/wp-json\/wp\/v2\/media?parent=889"}],"wp:term":[{"taxonomy":"hf_cat_page","embeddable":true,"href":"https:\/\/ultraviolett-server.de\/357-zschocke\/wp-json\/wp\/v2\/hf_cat_page?post=889"}],"curies":[{"name":"wp","href":"https:\/\/api.w.org\/{rel}","templated":true}]}}